{"id":130,"date":"2020-04-09T07:00:38","date_gmt":"2020-04-09T07:00:38","guid":{"rendered":"https:\/\/tandoorian-fcb.de\/?page_id=130"},"modified":"2020-09-22T11:35:12","modified_gmt":"2020-09-22T11:35:12","slug":"impressum-und-datenschutz","status":"publish","type":"page","link":"https:\/\/tandoorian-fcb.de\/index.php\/impressum-und-datenschutz\/","title":{"rendered":"Impressum und Datenschutz"},"content":{"rendered":"\t\t<div data-elementor-type=\"wp-page\" data-elementor-id=\"130\" class=\"elementor elementor-130\">\n\t\t\t\t\t\t<section class=\"elementor-section elementor-top-section elementor-element elementor-element-8815de4 elementor-section-boxed elementor-section-height-default elementor-section-height-default\" data-id=\"8815de4\" data-element_type=\"section\">\n\t\t\t\t\t\t<div class=\"elementor-container elementor-column-gap-default\">\n\t\t\t\t\t<div class=\"elementor-column elementor-col-100 elementor-top-column elementor-element elementor-element-57fcc5b\" data-id=\"57fcc5b\" data-element_type=\"column\">\n\t\t\t<div class=\"elementor-widget-wrap elementor-element-populated\">\n\t\t\t\t\t\t<div class=\"elementor-element elementor-element-6f10398 pp-buttons-valign-tablet-top pp-buttons-stack-tablet pp-buttons-halign-center pp-buttons-valign-middle elementor-widget elementor-widget-pp-buttons\" data-id=\"6f10398\" data-element_type=\"widget\" data-widget_type=\"pp-buttons.default\">\n\t\t\t\t<div class=\"elementor-widget-container\">\n\t\t\t\t\t<div class=\"pp-buttons-group\">\n\t\t\t\t\t\t\t\t\t\t\t<a href=\"https:\/\/tandoorian-fcb.de\/index.php\/tandoorian-fried-chicken-and-burger\/\" class=\"pp-button elementor-button elementor-size-xs elementor-repeater-item-dd7f691 \">\n\t\t\t\t\t<div class=\"pp-button-content-wrapper\">\n\t\t\t\t\t\t<span class=\"pp-button-content-inner pp-icon-before\">\n\t\t\t\t\t\t\t\t\t\t\t\t\t\t\t\t\t<span class=\"pp-button-icon pp-icon\">\n\t\t\t\t\t\t\t\t\t\t\t<i class=\"pp-button-icon fas fa-house-damage\" aria-hidden=\"true\"><\/i>\t\t\t\t\t\t\t\t\t\t<\/span>\n\t\t\t\t\t\t\t\t\t\t\n\t\t\t\t\t\t\t\t<span class=\"pp-button-title\">\n\t\t\t\t\t\t\t\t\tHOME\t\t\t\t\t\t\t\t<\/span>\n\t\t\t\t\t\t\t\t\t\t\t\t\t<\/span>\n\t\t\t\t\t<\/div>\n\t\t\t\t<\/a>\n\t\t\t\t\t\t\t\t\t\t\t\t\t\t\t\t<a href=\"https:\/\/tandoorian-fcb.de\/index.php\/chicken\/\" class=\"pp-button elementor-button elementor-size-xs elementor-repeater-item-bf06a66 \">\n\t\t\t\t\t<div class=\"pp-button-content-wrapper\">\n\t\t\t\t\t\t<span class=\"pp-button-content-inner pp-icon-before\">\n\t\t\t\t\t\t\t\n\t\t\t\t\t\t\t\t<span class=\"pp-button-title\">\n\t\t\t\t\t\t\t\t\tFRIED CHICKEN\t\t\t\t\t\t\t\t<\/span>\n\t\t\t\t\t\t\t\t\t\t\t\t\t<\/span>\n\t\t\t\t\t<\/div>\n\t\t\t\t<\/a>\n\t\t\t\t\t\t\t\t\t\t\t\t\t\t\t\t<a href=\"https:\/\/tandoorian-fcb.de\/index.php\/burger-und-wraps\/\" class=\"pp-button elementor-button elementor-size-xs elementor-repeater-item-0c1d978 \">\n\t\t\t\t\t<div class=\"pp-button-content-wrapper\">\n\t\t\t\t\t\t<span class=\"pp-button-content-inner pp-icon-before\">\n\t\t\t\t\t\t\t\n\t\t\t\t\t\t\t\t<span class=\"pp-button-title\">\n\t\t\t\t\t\t\t\t\tBURGER & WRAPS\t\t\t\t\t\t\t\t<\/span>\n\t\t\t\t\t\t\t\t\t\t\t\t\t<\/span>\n\t\t\t\t\t<\/div>\n\t\t\t\t<\/a>\n\t\t\t\t\t\t\t\t\t\t\t\t\t\t\t\t<a href=\"https:\/\/tandoorian-fcb.de\/index.php\/specials\/\" class=\"pp-button elementor-button elementor-size-xs elementor-repeater-item-3f88076 \">\n\t\t\t\t\t<div class=\"pp-button-content-wrapper\">\n\t\t\t\t\t\t<span class=\"pp-button-content-inner pp-icon-before\">\n\t\t\t\t\t\t\t\n\t\t\t\t\t\t\t\t<span class=\"pp-button-title\">\n\t\t\t\t\t\t\t\t\tSPECIALS\t\t\t\t\t\t\t\t<\/span>\n\t\t\t\t\t\t\t\t\t\t\t\t\t<\/span>\n\t\t\t\t\t<\/div>\n\t\t\t\t<\/a>\n\t\t\t\t\t\t\t\t\t\t\t\t\t\t\t\t<a href=\"https:\/\/tandoorian-fcb.de\/index.php\/salate-und-more\/\" class=\"pp-button elementor-button elementor-size-xs elementor-repeater-item-9cc62c8 \">\n\t\t\t\t\t<div class=\"pp-button-content-wrapper\">\n\t\t\t\t\t\t<span class=\"pp-button-content-inner pp-icon-before\">\n\t\t\t\t\t\t\t\n\t\t\t\t\t\t\t\t<span class=\"pp-button-title\">\n\t\t\t\t\t\t\t\t\tSALATE & MORE\t\t\t\t\t\t\t\t<\/span>\n\t\t\t\t\t\t\t\t\t\t\t\t\t<\/span>\n\t\t\t\t\t<\/div>\n\t\t\t\t<\/a>\n\t\t\t\t\t\t\t\t\t\t\t\t\t\t\t\t<a href=\"https:\/\/tandoorian-fcb.de\/index.php\/getraenke-und-desserts\/\" class=\"pp-button elementor-button elementor-size-xs elementor-repeater-item-a1548c2 \">\n\t\t\t\t\t<div class=\"pp-button-content-wrapper\">\n\t\t\t\t\t\t<span class=\"pp-button-content-inner pp-icon-before\">\n\t\t\t\t\t\t\t\n\t\t\t\t\t\t\t\t<span class=\"pp-button-title\">\n\t\t\t\t\t\t\t\t\tGETR\u00c4NKE & DESSERTS\t\t\t\t\t\t\t\t<\/span>\n\t\t\t\t\t\t\t\t\t\t\t\t\t<\/span>\n\t\t\t\t\t<\/div>\n\t\t\t\t<\/a>\n\t\t\t\t\t\t\t\t\t\t<\/div>\t\t<\/div>\n\t\t\t\t<\/div>\n\t\t\t\t\t<\/div>\n\t\t<\/div>\n\t\t\t\t\t<\/div>\n\t\t<\/section>\n\t\t\t\t<section class=\"elementor-section elementor-top-section elementor-element elementor-element-19f4e4d7 elementor-section-boxed elementor-section-height-default elementor-section-height-default\" data-id=\"19f4e4d7\" data-element_type=\"section\">\n\t\t\t\t\t\t<div class=\"elementor-container elementor-column-gap-default\">\n\t\t\t\t\t<div class=\"elementor-column elementor-col-100 elementor-top-column elementor-element elementor-element-6be019eb\" data-id=\"6be019eb\" data-element_type=\"column\">\n\t\t\t<div class=\"elementor-widget-wrap elementor-element-populated\">\n\t\t\t\t\t\t<div class=\"elementor-element elementor-element-389a5642 elementor-widget elementor-widget-image\" data-id=\"389a5642\" data-element_type=\"widget\" data-widget_type=\"image.default\">\n\t\t\t\t<div class=\"elementor-widget-container\">\n\t\t\t\t\t\t\t\t\t\t\t\t\t<img fetchpriority=\"high\" decoding=\"async\" width=\"509\" height=\"281\" src=\"https:\/\/tandoorian-fcb.de\/wp-content\/uploads\/2020\/04\/logo01.png\" class=\"attachment-large size-large wp-image-10\" alt=\"\" srcset=\"https:\/\/tandoorian-fcb.de\/wp-content\/uploads\/2020\/04\/logo01.png 509w, https:\/\/tandoorian-fcb.de\/wp-content\/uploads\/2020\/04\/logo01-300x166.png 300w\" sizes=\"(max-width: 509px) 100vw, 509px\" \/>\t\t\t\t\t\t\t\t\t\t\t\t\t<\/div>\n\t\t\t\t<\/div>\n\t\t\t\t\t<\/div>\n\t\t<\/div>\n\t\t\t\t\t<\/div>\n\t\t<\/section>\n\t\t\t\t<section class=\"elementor-section elementor-top-section elementor-element elementor-element-53a63ce8 elementor-section-boxed elementor-section-height-default elementor-section-height-default\" data-id=\"53a63ce8\" data-element_type=\"section\">\n\t\t\t\t\t\t<div class=\"elementor-container elementor-column-gap-default\">\n\t\t\t\t\t<div class=\"elementor-column elementor-col-100 elementor-top-column elementor-element elementor-element-32e502c3\" data-id=\"32e502c3\" data-element_type=\"column\">\n\t\t\t<div class=\"elementor-widget-wrap elementor-element-populated\">\n\t\t\t\t\t\t<div class=\"elementor-element elementor-element-3f1a2e19 elementor-widget elementor-widget-heading\" data-id=\"3f1a2e19\" data-element_type=\"widget\" data-widget_type=\"heading.default\">\n\t\t\t\t<div class=\"elementor-widget-container\">\n\t\t\t<h2 class=\"elementor-heading-title elementor-size-default\">IMPRESSUM & DATENSCHUTZ<\/h2>\t\t<\/div>\n\t\t\t\t<\/div>\n\t\t\t\t\t<\/div>\n\t\t<\/div>\n\t\t\t\t\t<\/div>\n\t\t<\/section>\n\t\t\t\t<section class=\"elementor-section elementor-top-section elementor-element elementor-element-1a2c59e4 elementor-section-boxed elementor-section-height-default elementor-section-height-default\" data-id=\"1a2c59e4\" data-element_type=\"section\">\n\t\t\t\t\t\t<div class=\"elementor-container elementor-column-gap-default\">\n\t\t\t\t\t<div class=\"elementor-column elementor-col-100 elementor-top-column elementor-element elementor-element-6a6a4572\" data-id=\"6a6a4572\" data-element_type=\"column\">\n\t\t\t<div class=\"elementor-widget-wrap elementor-element-populated\">\n\t\t\t\t\t\t<div class=\"elementor-element elementor-element-0da1944 elementor-widget elementor-widget-spacer\" data-id=\"0da1944\" data-element_type=\"widget\" data-widget_type=\"spacer.default\">\n\t\t\t\t<div class=\"elementor-widget-container\">\n\t\t\t\t\t<div class=\"elementor-spacer\">\n\t\t\t<div class=\"elementor-spacer-inner\"><\/div>\n\t\t<\/div>\n\t\t\t\t<\/div>\n\t\t\t\t<\/div>\n\t\t\t\t<div class=\"elementor-element elementor-element-f1d4fa5 elementor-widget elementor-widget-heading\" data-id=\"f1d4fa5\" data-element_type=\"widget\" data-widget_type=\"heading.default\">\n\t\t\t\t<div class=\"elementor-widget-container\">\n\t\t\t<h2 class=\"elementor-heading-title elementor-size-default\">www.tandoorian-fcb.de<\/h2>\t\t<\/div>\n\t\t\t\t<\/div>\n\t\t\t\t<div class=\"elementor-element elementor-element-44205512 elementor-widget elementor-widget-text-editor\" data-id=\"44205512\" data-element_type=\"widget\" data-widget_type=\"text-editor.default\">\n\t\t\t\t<div class=\"elementor-widget-container\">\n\t\t\t\t\t\t\t<p><strong>BETREIBER DIESER SEITE IST:<\/strong><\/p>\n<p>Nabeel Asghar<br>Behlstra\u00dfe 10 \u2022 65366 Geisenheim<br>Deutschland<\/p>\n<p><strong>TELEFON<\/strong><br>06722\/ 7501314<br>und<br>06722\/ 7503676<\/p>\n<p><strong>&nbsp;<\/strong><\/p>\n<p><strong>EMAIL<\/strong><br>info(at)tandoorian-fcb.de<\/p>\n<p><strong>FOTOS UND BILDMATERIAL:<\/strong><\/p>\n<p>www.designone360.de <br>und Tandoorian Fried Chicken und Burger<\/p>\n<p><strong>HYPERLINKS:<\/strong><\/p>\n<p>Trotz sorgf\u00e4ltiger Pr\u00fcfung \u00fcbernehme ich keine Haftung f\u00fcr die Inhalte externer Links.<br>F\u00fcr den Inhalt der verlinkten Seiten sind ausschlie\u00dflich deren Betreiber verantwortlich.<\/p>\n<p><\/p>\n<p><strong>Datenschutz &#8211; Tandoorian Fried Chicken und Burger<\/strong><\/p>\n<p>Wir nutzen WordPress. Nachfolgend einige Informationen bez\u00fcglich dieser Plattfotm:<\/p>\n<p>Die Adresse unserer Website ist: http:\/\/www.tandoorian-fcb.de.<\/p>\n<p>Welche personenbezogenen Daten wir sammeln und warum wir sie sammeln<\/p>\n<p><strong>Kommentare<\/strong><\/p>\n<p>Wenn Besucher Kommentare auf der Website schreiben, sammeln wir die Daten, die im Kommentar-Formular angezeigt werden, au\u00dferdem die IP-Adresse des Besuchers und den User-Agent-String (damit wird der Browser identifiziert), um die Erkennung von Spam zu unterst\u00fctzen.<\/p>\n<p>Aus deiner E-Mail-Adresse kann eine anonymisierte Zeichenfolge erstellt (auch Hash genannt) und dem Gravatar-Dienst \u00fcbergeben werden, um zu pr\u00fcfen, ob du diesen benutzt. Die Datenschutzerkl\u00e4rung des Gravatar-Dienstes findest du hier: https:\/\/automattic.com\/privacy\/. Nachdem dein Kommentar freigegeben wurde, ist dein Profilbild \u00f6ffentlich im Kontext deines Kommentars sichtbar.<\/p>\n<p><strong>Medien<\/strong><\/p>\n<p>Wenn du ein registrierter Benutzer bist und Fotos auf diese Website l\u00e4dst, solltest du vermeiden, Fotos mit einem EXIF-GPS-Standort hochzuladen. Besucher dieser Website k\u00f6nnten Fotos, die auf dieser Website gespeichert sind, herunterladen und deren Standort-Informationen extrahieren.<\/p>\n<p><strong>Kontaktformulare \/ Cookies<\/strong><\/p>\n<p>Wenn du einen Kommentar auf unserer Website schreibst, kann das eine Einwilligung sein, deinen Namen, E-Mail-Adresse und Website in Cookies zu speichern. Dies ist eine Komfortfunktion, damit du nicht, wenn du einen weiteren Kommentar schreibst, all diese Daten erneut eingeben musst. Diese Cookies werden ein Jahr lang gespeichert.<\/p>\n<p>Falls du ein Konto hast und dich auf dieser Website anmeldest, werden wir ein tempor\u00e4res Cookie setzen, um festzustellen, ob dein Browser Cookies akzeptiert. Dieses Cookie enth\u00e4lt keine personenbezogenen Daten und wird verworfen, wenn du deinen Browser schlie\u00dft.<\/p>\n<p>Wenn du dich anmeldest, werden wir einige Cookies einrichten, um deine Anmeldeinformationen und Anzeigeoptionen zu speichern. Anmelde-Cookies verfallen nach zwei Tagen und Cookies f\u00fcr die Anzeigeoptionen nach einem Jahr. Falls du bei der Anmeldung \u201eAngemeldet bleiben\u201c ausw\u00e4hlst, wird deine Anmeldung zwei Wochen lang aufrechterhalten. Mit der Abmeldung aus deinem Konto werden die Anmelde-Cookies gel\u00f6scht.<\/p>\n<p>Wenn du einen Artikel bearbeitest oder ver\u00f6ffentlichst, wird ein zus\u00e4tzlicher Cookie in deinem Browser gespeichert. Dieser Cookie enth\u00e4lt keine personenbezogenen Daten und verweist nur auf die Beitrags-ID des Artikels, den du gerade bearbeitet hast. Der Cookie verf\u00e4llt nach einem Tag.<\/p>\n<p><strong>Eingebettete Inhalte von anderen Websites<\/strong><\/p>\n<p>Beitr\u00e4ge auf dieser Website k\u00f6nnen eingebettete Inhalte beinhalten (z. B. Videos, Bilder, Beitr\u00e4ge etc.). Eingebettete Inhalte von anderen Websites verhalten sich exakt so, als ob der Besucher die andere Website besucht h\u00e4tte.<\/p>\n<p>Diese Websites k\u00f6nnen Daten \u00fcber dich sammeln, Cookies benutzen, zus\u00e4tzliche Tracking-Dienste von Dritten einbetten und deine Interaktion mit diesem eingebetteten Inhalt aufzeichnen, inklusive deiner Interaktion mit dem eingebetteten Inhalt, falls du ein Konto hast und auf dieser Website angemeldet bist.<\/p>\n<p><strong>Analysedienste<\/strong><br>Mit wem wir deine Daten teilen &#8211; Wie lange wir deine Daten speichern<\/p>\n<p>Wenn du einen Kommentar schreibst, wird dieser inklusive Metadaten zeitlich unbegrenzt gespeichert. Auf diese Art k\u00f6nnen wir Folgekommentare automatisch erkennen und freigeben, anstelle sie in einer Moderations-Warteschlange festzuhalten.<\/p>\n<p>F\u00fcr Benutzer, die sich auf unserer Website registrieren, speichern wir zus\u00e4tzlich die pers\u00f6nlichen Informationen, die sie in ihren Benutzerprofilen angeben. Alle Benutzer k\u00f6nnen jederzeit ihre pers\u00f6nlichen Informationen einsehen, ver\u00e4ndern oder l\u00f6schen (der Benutzername kann nicht ver\u00e4ndert werden). Administratoren der Website k\u00f6nnen diese Informationen ebenfalls einsehen und ver\u00e4ndern.<\/p>\n<p><strong>Welche Rechte du an deinen Daten hast<\/strong><\/p>\n<p>Wenn du ein Konto auf dieser Website besitzt oder Kommentare geschrieben hast, kannst du einen Export deiner personenbezogenen Daten bei uns anfordern, inklusive aller Daten, die du uns mitgeteilt hast. Dar\u00fcber hinaus kannst du die L\u00f6schung aller personenbezogenen Daten, die wir von dir gespeichert haben, anfordern. Dies umfasst nicht die Daten, die wir aufgrund administrativer, rechtlicher oder sicherheitsrelevanter Notwendigkeiten aufbewahren m\u00fcssen.<\/p>\n<p><strong>Wohin wir deine Daten senden<\/strong><\/p>\n<p>Besucher-Kommentare k\u00f6nnten von einem automatisierten Dienst zur Spam-Erkennung untersucht werden.<\/p>\n<p><strong>Kontakt-Informationen<\/strong><\/p>\n<p><strong>BETREIBER DIESER SEITE IST:<\/strong><\/p>\n<p>Nabeel Asghar <br>Behlstra\u00dfe 10 \u2022 65366 Geisenheim<br>Deutschland<\/p>\n<p><strong>TELEFON<\/strong><br>06722\/ 7501314<br>und<br>06722\/ 7503676<\/p>\n<p><strong>EMAIL<\/strong><br>info(at)tandoorian-fcb.de<\/p>\t\t\t\t\t\t<\/div>\n\t\t\t\t<\/div>\n\t\t\t\t<div class=\"elementor-element elementor-element-21bdbc10 elementor-widget-divider--view-line elementor-widget elementor-widget-divider\" data-id=\"21bdbc10\" data-element_type=\"widget\" data-widget_type=\"divider.default\">\n\t\t\t\t<div class=\"elementor-widget-container\">\n\t\t\t\t\t<div class=\"elementor-divider\">\n\t\t\t<span class=\"elementor-divider-separator\">\n\t\t\t\t\t\t<\/span>\n\t\t<\/div>\n\t\t\t\t<\/div>\n\t\t\t\t<\/div>\n\t\t\t\t\t<\/div>\n\t\t<\/div>\n\t\t\t\t\t<\/div>\n\t\t<\/section>\n\t\t\t\t<section class=\"elementor-section elementor-top-section elementor-element elementor-element-287629e elementor-section-boxed elementor-section-height-default elementor-section-height-default\" data-id=\"287629e\" data-element_type=\"section\">\n\t\t\t\t\t\t<div class=\"elementor-container elementor-column-gap-default\">\n\t\t\t\t\t<div class=\"elementor-column elementor-col-100 elementor-top-column elementor-element elementor-element-1cdec4f\" data-id=\"1cdec4f\" data-element_type=\"column\">\n\t\t\t<div class=\"elementor-widget-wrap elementor-element-populated\">\n\t\t\t\t\t\t<div class=\"elementor-element elementor-element-eedb3c9 elementor-widget elementor-widget-text-editor\" data-id=\"eedb3c9\" data-element_type=\"widget\" data-widget_type=\"text-editor.default\">\n\t\t\t\t<div class=\"elementor-widget-container\">\n\t\t\t\t\t\t\t<span style=\"color: #808080;\"><strong>\n<a style=\"color: #808080;\" href=\"https:\/\/tandoorian-fcb.de\/index.php\/tandoorian-fried-chicken-and-burger\/\">STARTSEITE<\/a>\n<\/strong><\/span><\/br>\n<span style=\"color: #808080;\"><strong>\n<a style=\"color: #808080;\" href=\"https:\/\/tandoorian-fcb.de\/index.php\/chicken\/\">FRIED CHICKEN<\/a>\n<\/strong><\/span><\/br>\n<span style=\"color: #808080;\"><strong>\n<a style=\"color: #808080;\" href=\"https:\/\/tandoorian-fcb.de\/index.php\/burger-und-wraps\/\">BURGER &amp; WRAPS<\/a>\n<\/strong><\/span><\/br>\n<span style=\"color: #808080;\"><strong>\n<a style=\"color: #808080;\" href=\"https:\/\/tandoorian-fcb.de\/index.php\/specials\/\">SPECIALS<\/a>\n<\/strong><\/span><\/br>\n<span style=\"color: #808080;\"><strong>\n<a style=\"color: #808080;\" href=\"https:\/\/tandoorian-fcb.de\/index.php\/salate-und-more\/\">SALATE &amp; MORE<\/a>\n<\/strong><\/span><\/br>\n<span style=\"color: #808080;\"><strong>\n<a style=\"color: #808080;\" href=\"https:\/\/tandoorian-fcb.de\/index.php\/getraenke-und-desserts\/\">GETR\u00c4NKE &amp; DESERTS<\/a>\n<\/strong><\/span><\/br>\n<span style=\"color: #808080;\"><strong>\n<a style=\"color: #808080;\" href=\"https:\/\/tandoorian-fcb.de\/index.php\/impressum-und-datenschutz\/\">IMPRESSUM &amp; DATENSCHUTZ<\/a>\n<\/strong><\/span><\/br>\t\t\t\t\t\t<\/div>\n\t\t\t\t<\/div>\n\t\t\t\t<div class=\"elementor-element elementor-element-94fe4b1 elementor-widget-divider--view-line elementor-widget elementor-widget-divider\" data-id=\"94fe4b1\" data-element_type=\"widget\" data-widget_type=\"divider.default\">\n\t\t\t\t<div class=\"elementor-widget-container\">\n\t\t\t\t\t<div class=\"elementor-divider\">\n\t\t\t<span class=\"elementor-divider-separator\">\n\t\t\t\t\t\t<\/span>\n\t\t<\/div>\n\t\t\t\t<\/div>\n\t\t\t\t<\/div>\n\t\t\t\t\t<\/div>\n\t\t<\/div>\n\t\t\t\t\t<\/div>\n\t\t<\/section>\n\t\t\t\t<\/div>\n\t\t","protected":false},"excerpt":{"rendered":"<p>HOME FRIED CHICKEN BURGER &#038; WRAPS SPECIALS SALATE &#038; MORE GETR\u00c4NKE &#038; DESSERTS IMPRESSUM &#038; DATENSCHUTZ www.tandoorian-fcb.de BETREIBER DIESER SEITE IST: Nabeel AsgharBehlstra\u00dfe 10 \u2022 65366 GeisenheimDeutschland TELEFON06722\/ 7501314und06722\/ 7503676 &nbsp; EMAILinfo(at)tandoorian-fcb.de FOTOS UND BILDMATERIAL: www.designone360.de und Tandoorian Fried Chicken und Burger HYPERLINKS: Trotz sorgf\u00e4ltiger Pr\u00fcfung \u00fcbernehme ich keine Haftung f\u00fcr die Inhalte externer Links.F\u00fcr [&hellip;]<\/p>\n","protected":false},"author":2,"featured_media":0,"parent":0,"menu_order":0,"comment_status":"closed","ping_status":"closed","template":"elementor_canvas","meta":{"footnotes":""},"class_list":["post-130","page","type-page","status-publish","hentry"],"_links":{"self":[{"href":"https:\/\/tandoorian-fcb.de\/index.php\/wp-json\/wp\/v2\/pages\/130"}],"collection":[{"href":"https:\/\/tandoorian-fcb.de\/index.php\/wp-json\/wp\/v2\/pages"}],"about":[{"href":"https:\/\/tandoorian-fcb.de\/index.php\/wp-json\/wp\/v2\/types\/page"}],"author":[{"embeddable":true,"href":"https:\/\/tandoorian-fcb.de\/index.php\/wp-json\/wp\/v2\/users\/2"}],"replies":[{"embeddable":true,"href":"https:\/\/tandoorian-fcb.de\/index.php\/wp-json\/wp\/v2\/comments?post=130"}],"version-history":[{"count":11,"href":"https:\/\/tandoorian-fcb.de\/index.php\/wp-json\/wp\/v2\/pages\/130\/revisions"}],"predecessor-version":[{"id":259,"href":"https:\/\/tandoorian-fcb.de\/index.php\/wp-json\/wp\/v2\/pages\/130\/revisions\/259"}],"wp:attachment":[{"href":"https:\/\/tandoorian-fcb.de\/index.php\/wp-json\/wp\/v2\/media?parent=130"}],"curies":[{"name":"wp","href":"https:\/\/api.w.org\/{rel}","templated":true}]}}